{"id":16,"date":"2022-02-23T11:08:50","date_gmt":"2022-02-23T10:08:50","guid":{"rendered":"https:\/\/wpt.mohrsiebeck.com\/edit\/?page_id=16"},"modified":"2024-01-26T16:19:05","modified_gmt":"2024-01-26T15:19:05","slug":"wir-ueber-uns","status":"publish","type":"page","link":"https:\/\/www.methodik-kg.mohrsiebeck.com\/index.php\/home\/wir-ueber-uns\/","title":{"rendered":"\u00dcber uns"},"content":{"rendered":"\t<section class=\"hero-image bg-lightblue\">\n  \t\t<article>\n  \t\t\t\t<div class=\"col-2\">\n            \t\t<h2>\u00dcber uns<\/h2>\n  \t\t\t\t<\/div>\n  \t\t\t\t<div class=\"col-2\">\n\t\t\t\t<img loading=\"lazy\" decoding=\"async\" width=\"945\" height=\"245\" src=\"https:\/\/www.methodik-kg.mohrsiebeck.com\/wp-content\/uploads\/2022\/03\/mohr-siebeck-methotik-der-kirchengeschichte-ueber-uns-945.jpg\" class=\"attachment-full size-full\" alt=\"Mohr Siebeck Methotik der Kirchengeschichte \u00dcber uns\" \/>\t\t\t\t<\/div>\n      <\/article>\n  \t<\/section>\n\n\n<section class=\"anchor\">\n\t<article>\t\n\t\t<a id=\"\"  tabindex=\"-1\"><\/a>\n\t\t<h2><\/h2>\n\t<\/article>\n<\/section>\n\n\n<section class=\"img-text-col-2\">\n<article>\n\t<div class=\"col-wrap right right-small \">\n\t\t<div class=\"col-2 no-img\">\n            \t\t        <\/div>\n        <div class=\"col-2\">\n            <div class=\"text\">\n              <p><strong>Tobias Jammerthal<\/strong> studierte in Neuendettelsau, T\u00fcbingen, an der Dormitio-Abtei in Jerusalem, im nordenglischen Durham und in Heidelberg evangelische Theologie auf Pfarramt. Nach dem Ersten Theologischen Examen arbeitete er in T\u00fcbingen an einer Doktorarbeit \u00fcber Philipp Melanchthons Abendmahlstheologie, die 2021 mit dem Internationalen Melanchthonpreis ausgezeichnet wurde. Nach dem Vikariat und der Ordination war er 2020 bis 2023 wissenschaftlicher Assistent am Lehrstuhl f\u00fcr Kirchen- und Dogmengeschichte der Augustana-Hochschule Neuendettelsau und ist seit September 2023 Assistenzprofessor f\u00fcr Kirchen- und Theologiegeschichte von der Reformationszeit bis zur Gegenwart an der Theologischen Fakult\u00e4t der Universit\u00e4t Z\u00fcrich, wo er auch das Institut f\u00fcr Schweizerische Kirchengeschichte leitet. <a href=\"https:\/\/www.uzh.ch\/cmsssl\/irg\/de\/personen\/tobias-jammerthal.html\" target=\"_blank\" rel=\"noopener\">Weitere Informationen zum Autor.<\/a><\/p>\n<p><strong>David Burkhart Janssen<\/strong> studierte in T\u00fcbingen und im nordenglischen Durham evangelische Theologie auf Pfarramt sowie Geschichte und Altertumswissenschaften. Nach dem Bachelor in Geschichte, dem Master in Classics und dem Ersten Theologischen Examen ist er seit 2019 wissenschaftlicher Assistent am Lehrstuhl f\u00fcr Kirchengeschichte II mit Schwerpunkt Alte Kirche an der evangelisch-theologischen Fakult\u00e4t der Eberhard-Karls-Universit\u00e4t T\u00fcbingen. Dort wurde er mit einer Arbeit zu Augustins Auseinandersetzung mit dem Pelagianismus 2023 promoviert und arbeitet gegenw\u00e4rtig an einer Habilitation zum 2. \u00f6kumenischen Konzil von Konstantinopel (553). <a href=\"https:\/\/uni-tuebingen.de\/de\/153222\" target=\"_blank\" rel=\"noopener\">Weitere Informationen zum Autor.<\/a><\/p>\n<p><strong>Jonathan Reinert<\/strong> studierte evangelische Theologie auf Pfarramt in Jena, G\u00f6ttingen und T\u00fcbingen. Nach dem Ersten Theologischen Examen war er Promotionsstipendiat am Graduiertenkolleg \u201eKulturelle Wirkungen der Reformation: Medialit\u00e4t\u201c der Friedrich-Schiller-Universit\u00e4t Jena, wo er 2019 mit einer Arbeit zur Passionspredigt im 16. Jahrhundert promoviert wurde.\u00a0 2018 bis 2022 war er wissenschaftlicher Mitarbeiter am Institut f\u00fcr Sp\u00e4tmittelalter und Reformation der Eberhard-Karls-Universit\u00e4t in T\u00fcbingen. Seit 2022 ist er Professor f\u00fcr Kirchengeschichte und \u00d6kumenik an der Theologischen Hochschule Reutlingen. <a href=\"https:\/\/www.th-reutlingen.de\/de\/hochschule\/lehrende\/dr-jonathan-reinert\/\" target=\"_blank\" rel=\"noopener\">Weitere Informationen zum Autor.<\/a><\/p>\n<p><strong>Susanne Schuster<\/strong> studierte evangelische Theologie auf Pfarramt in Halle, Heidelberg und Leipzig. Nach dem Ersten Theologischen Examen arbeitete sie in Jena an einer Doktorarbeit zur Fr\u00f6mmigkeit der Gr\u00e4fin Aemilie Juliane von Schwarzburg-Rudolstadt und des Juristen Ahasver Fritsch. Auf die Promotion folgten Vikariat und Ordination. 2017 habilitierte sie sich in T\u00fcbingen zu Dialogschriften der fr\u00fchen Reformationszeit. Bereits seit 2015 arbeitet sie an der Universit\u00e4t Kassel als Lehrkraft f\u00fcr besondere Aufgaben. Daneben war sie an der TU Dresden und als Lehrstuhlvertreterin f\u00fcr Reformation und Neuzeit an der evangelisch-theologischen Fakult\u00e4t der Rheinischen Friedrich-Wilhelms-Universit\u00e4t Bonn t\u00e4tig. <a href=\"https:\/\/uni-tuebingen.de\/de\/116020\" target=\"_blank\" rel=\"noopener\">Weitere Informationen zur Autorin.<\/a><\/p>\n            <\/div>\n\t\t\t        <\/div>\n    <\/div>\n  <\/article>\n<\/section>\n","protected":false},"excerpt":{"rendered":"","protected":false},"author":2,"featured_media":0,"parent":2,"menu_order":5,"comment_status":"closed","ping_status":"closed","template":"","meta":{"_acf_changed":false,"footnotes":""},"class_list":["post-16","page","type-page","status-publish","hentry"],"acf":[],"_links":{"self":[{"href":"https:\/\/www.methodik-kg.mohrsiebeck.com\/index.php\/wp-json\/wp\/v2\/pages\/16","targetHints":{"allow":["GET"]}}],"collection":[{"href":"https:\/\/www.methodik-kg.mohrsiebeck.com\/index.php\/wp-json\/wp\/v2\/pages"}],"about":[{"href":"https:\/\/www.methodik-kg.mohrsiebeck.com\/index.php\/wp-json\/wp\/v2\/types\/page"}],"author":[{"embeddable":true,"href":"https:\/\/www.methodik-kg.mohrsiebeck.com\/index.php\/wp-json\/wp\/v2\/users\/2"}],"replies":[{"embeddable":true,"href":"https:\/\/www.methodik-kg.mohrsiebeck.com\/index.php\/wp-json\/wp\/v2\/comments?post=16"}],"version-history":[{"count":30,"href":"https:\/\/www.methodik-kg.mohrsiebeck.com\/index.php\/wp-json\/wp\/v2\/pages\/16\/revisions"}],"predecessor-version":[{"id":684,"href":"https:\/\/www.methodik-kg.mohrsiebeck.com\/index.php\/wp-json\/wp\/v2\/pages\/16\/revisions\/684"}],"up":[{"embeddable":true,"href":"https:\/\/www.methodik-kg.mohrsiebeck.com\/index.php\/wp-json\/wp\/v2\/pages\/2"}],"wp:attachment":[{"href":"https:\/\/www.methodik-kg.mohrsiebeck.com\/index.php\/wp-json\/wp\/v2\/media?parent=16"}],"curies":[{"name":"wp","href":"https:\/\/api.w.org\/{rel}","templated":true}]}}