{"id":30,"date":"2022-02-23T16:18:08","date_gmt":"2022-02-23T15:18:08","guid":{"rendered":"https:\/\/wpt.mohrsiebeck.com\/edit\/?page_id=30"},"modified":"2023-04-12T21:12:43","modified_gmt":"2023-04-12T19:12:43","slug":"startseite","status":"publish","type":"page","link":"https:\/\/www.methodik-kg.mohrsiebeck.com\/","title":{"rendered":"Home"},"content":{"rendered":"\t<section class=\"hero-image bg-lightblue\">\n  \t\t<article>\n  \t\t\t\t<div class=\"col-2\">\n            \t\t<h2>Startseite<\/h2>\n  \t\t\t\t<\/div>\n  \t\t\t\t<div class=\"col-2\">\n\t\t\t\t<img loading=\"lazy\" decoding=\"async\" width=\"945\" height=\"245\" src=\"https:\/\/www.methodik-kg.mohrsiebeck.com\/wp-content\/uploads\/2022\/03\/mohr-siebeck-methotik-der-kirchengeschichte-945.jpg\" class=\"attachment-full size-full\" alt=\"Mohr Siebeck Methotik der Kirchengeschichte\" \/>\t\t\t\t<\/div>\n      <\/article>\n  \t<\/section>\n\n\n\n<section class=\"blockquote \">\n\t\t\t\t<article>\n\t\t\t\t\t<div class=\"text-block\">\n\t\t\t\t\t\t<p>Arbeit mit kirchenhistorischen Quellen \u2013 wie macht man das eigentlich?<\/p>\n\t\t\t\t\t<\/div>\n\t\t\t\t  <\/article>\n            <\/section>\n\n\n<section class=\"img-text-col-2\">\n<article>\n\t<div class=\"col-wrap right right-small \">\n\t\t<div class=\"col-2 \">\n            <img loading=\"lazy\" decoding=\"async\" width=\"1772\" height=\"2539\" src=\"https:\/\/www.methodik-kg.mohrsiebeck.com\/wp-content\/uploads\/2022\/03\/ms_methodik-kirchengeschichte-cover.jpg\" class=\"attachment-full size-full\" alt=\"\" \/>\t\t        <\/div>\n        <div class=\"col-2\">\n            <div class=\"text\">\n              <p>Herzlich willkommen! Diese Seiten geh\u00f6ren zum UTB-Lehrbuch \u201e<a href=\"https:\/\/www.utb.de\/doi\/book\/10.36198\/9783838558516\" target=\"_blank\" rel=\"noopener\">Methodik der Kirchengeschichte<\/a>\u201c. Sie wollen die Arbeit mit dem Lehrbuch unterst\u00fctzen und vertiefen: Knappe inhaltliche Hinweise zu den einzelnen Kapiteln helfen bei der Suche danach, welche Informationen wo zu finden sind. Studierende und Dozierende finden zus\u00e4tzliche Beispiele und didaktische Materialien \u2013 etwa frei verf\u00fcgbare (und individuell bearbeitbare) Dateien der Graphiken im Buch. Wissenschaft ist ein Prozess. Das gilt auch f\u00fcr diese Seiten: Sie werden immer wieder \u00fcberarbeitet werden. Neues wird hinzukommen; was sich nicht bew\u00e4hrt hat, wird auch wieder verschwinden.<\/p>\n<p><strong>Autoren:<\/strong> Tobias Jammerthal, David Burkhart Janssen, Jonathan Reinert, Susanne Schuster<\/p>\n            <\/div>\n\t\t\t\t\t\t<div class=\"btn-basket bg-blue\">\n\t\t\t\t<a href=\"https:\/\/www.utb.de\/doi\/book\/10.36198\/9783838558516\" target=\"_blank\">Buch kaufen \n\t\t\t\t\t<svg viewBox=\"0 0 30 28\" version=\"1.1\" xmlns=\"http:\/\/www.w3.org\/2000\/svg\" xmlns:xlink=\"http:\/\/www.w3.org\/1999\/xlink\">\n    <g id=\"icon-warenkorb\" stroke=\"none\" stroke-width=\"1\" fill=\"none\" fill-rule=\"evenodd\">\n        <g id=\"warenkorb\" fill=\"#FFFFFF\">\n            <g id=\"WK_Symbol\" transform=\"translate(0.000000, 1.000000)\">\n                <g id=\"Ebene_2\">\n                    <path d=\"M25.699,18.446 L9.29,18.446 C9.017,18.446 8.782,18.251 8.732,17.981 L5.955,2.919 L1.187,1.141 C0.893,1.031 0.744,0.705 0.854,0.411 C0.963,0.118 1.29,-0.031 1.583,0.078 L6.652,1.969 C6.839,2.039 6.975,2.201 7.011,2.397 L9.761,17.312 L25.265,17.312 L28.236,6.417 L11.093,6.417 C10.78,6.417 10.526,6.163 10.526,5.85 C10.526,5.537 10.78,5.283 11.093,5.283 L28.979,5.283 C29.156,5.283 29.323,5.366 29.429,5.506 C29.536,5.647 29.573,5.829 29.526,5.999 L26.246,18.028 C26.179,18.274 25.955,18.446 25.699,18.446 Z\" id=\"Path\"><\/path>\n                    <path d=\"M13.149,26.841 C11.203,26.841 9.62,25.257 9.62,23.311 C9.62,21.366 11.203,19.783 13.149,19.783 C15.095,19.783 16.679,21.366 16.679,23.311 C16.679,25.257 15.095,26.841 13.149,26.841 Z M13.149,20.917 C11.828,20.917 10.753,21.99 10.753,23.311 C10.753,24.632 11.828,25.707 13.149,25.707 C14.47,25.707 15.545,24.633 15.545,23.311 C15.544,21.99 14.47,20.917 13.149,20.917 Z\" id=\"Shape\" fill-rule=\"nonzero\"><\/path>\n                    <path d=\"M22.387,26.841 C20.441,26.841 18.858,25.257 18.858,23.311 C18.858,21.366 20.441,19.783 22.387,19.783 C24.332,19.783 25.915,21.366 25.915,23.311 C25.915,25.257 24.332,26.841 22.387,26.841 Z M22.387,20.917 C21.067,20.917 19.992,21.99 19.992,23.311 C19.992,24.632 21.066,25.707 22.387,25.707 C23.708,25.707 24.781,24.633 24.781,23.311 C24.78,21.99 23.707,20.917 22.387,20.917 Z\" id=\"Shape\" fill-rule=\"nonzero\"><\/path>\n                <\/g>\n            <\/g>\n        <\/g>\n    <\/g>\n<\/svg><\/a>\n\t\t\t<\/div>\n\t\t\t        <\/div>\n    <\/div>\n  <\/article>\n<\/section>\n\n\n<section class=\"textblock \">\n\t<article class=\"bg-lightblue\">\n\t\t<div>\n\t\t\t<p>Wir freuen uns dabei \u00fcber jede Unterst\u00fctzung in Form von Hinweisen und Anregungen (oder auch Beisteuerung eigener Materialien).<br \/>\n<a href=\"mailto:methodik-kg@web.de\" title=\"Schreiben Sie eine Mail an die Redaktion\">Nehmen Sie mit uns Kontakt auf.<\/a><\/p>\n\t\t<\/div>\n\t<\/article>\n<\/section>\n\n\n<section class=\"textblock \">\n\t<article class=\"\">\n\t\t<div>\n\t\t\t<p>&#8222;Dieses Lehrbuch ist ein gelungenes Beispiel daf\u00fcr, wie auf hohem Niveau und zugleich\u00a0 verst\u00e4ndlich das wissenschaftliche Arbeiten in der akademischen Kirchengeschichte neu kodifiziert werden kann, ohne alte Prinzipien wie den Bezug zu den Historischen Hilfswissenschaften aufzuheben. &#8230; Der Band sollte zum Standardwerk f\u00fcr die methodische Arbeit in der Kirchengeschichte werden.&#8220;<\/p>\n<p style=\"text-align: right\">Maik Schmerbauch, in: ZFG 71 (2023), 264-266.<\/p>\n\t\t<\/div>\n\t<\/article>\n<\/section>\n","protected":false},"excerpt":{"rendered":"","protected":false},"author":2,"featured_media":0,"parent":0,"menu_order":0,"comment_status":"closed","ping_status":"closed","template":"start.php","meta":{"_acf_changed":false,"footnotes":""},"class_list":["post-30","page","type-page","status-publish","hentry"],"acf":[],"_links":{"self":[{"href":"https:\/\/www.methodik-kg.mohrsiebeck.com\/index.php\/wp-json\/wp\/v2\/pages\/30","targetHints":{"allow":["GET"]}}],"collection":[{"href":"https:\/\/www.methodik-kg.mohrsiebeck.com\/index.php\/wp-json\/wp\/v2\/pages"}],"about":[{"href":"https:\/\/www.methodik-kg.mohrsiebeck.com\/index.php\/wp-json\/wp\/v2\/types\/page"}],"author":[{"embeddable":true,"href":"https:\/\/www.methodik-kg.mohrsiebeck.com\/index.php\/wp-json\/wp\/v2\/users\/2"}],"replies":[{"embeddable":true,"href":"https:\/\/www.methodik-kg.mohrsiebeck.com\/index.php\/wp-json\/wp\/v2\/comments?post=30"}],"version-history":[{"count":69,"href":"https:\/\/www.methodik-kg.mohrsiebeck.com\/index.php\/wp-json\/wp\/v2\/pages\/30\/revisions"}],"predecessor-version":[{"id":654,"href":"https:\/\/www.methodik-kg.mohrsiebeck.com\/index.php\/wp-json\/wp\/v2\/pages\/30\/revisions\/654"}],"wp:attachment":[{"href":"https:\/\/www.methodik-kg.mohrsiebeck.com\/index.php\/wp-json\/wp\/v2\/media?parent=30"}],"curies":[{"name":"wp","href":"https:\/\/api.w.org\/{rel}","templated":true}]}}