{"id":41,"date":"2022-02-23T16:35:31","date_gmt":"2022-02-23T15:35:31","guid":{"rendered":"https:\/\/wpt.mohrsiebeck.com\/edit\/?page_id=41"},"modified":"2024-09-25T14:39:45","modified_gmt":"2024-09-25T12:39:45","slug":"impressum","status":"publish","type":"page","link":"https:\/\/www.methodik-kg.mohrsiebeck.com\/index.php\/impressum\/","title":{"rendered":"Impressum"},"content":{"rendered":"<section class=\"textblock \">\n\t<article class=\"\">\n\t\t<div>\n\t\t\t<h1>Impressum<\/h1>\n<p><strong>Postanschrift<\/strong><\/p>\n<p>Mohr Siebeck GmbH &amp; Co. KG<br \/>\nPostfach 2040<br \/>\n72010 T\u00fcbingen<br \/>\nDeutschland<\/p>\n\t\t<\/div>\n\t<\/article>\n<\/section>\n\n\n<section class=\"textblock \">\n\t<article class=\"\">\n\t\t<div>\n\t\t\t<h3 id=\"Identit\u00e4t\">Identit\u00e4t von Mohr Siebeck<\/h3>\n<p><strong>Rechtsform:<\/strong> GmbH &amp; Co. KG<br \/>\n<strong>Registergericht: <\/strong>Amtsgericht Stuttgart<br \/>\n<strong>Registernummer:<\/strong> HRA 381497<br \/>\n<strong>Pers\u00f6nlich haftende Gesellschafterin: <\/strong>Siebeck Verwaltungs-GmbH<br \/>\n<strong>Registergericht:<\/strong> Amtsgericht Stuttgart<br \/>\n<strong>Registernummer:<\/strong> HRB 382687<br \/>\n<strong>Vertretungsberechtigter Gesch\u00e4ftsf\u00fchrer: <\/strong>Ove K\u00e4hler<br \/>\n<strong>Umsatzsteuer-Identifikationsnummer gem\u00e4\u00df \u00a7 27a Umsatzsteuergesetz:<\/strong> DE814496337<br \/>\n<strong>Inhaltlich Verantwortlicher gem\u00e4\u00df \u00a7 6 MDStV: <\/strong>Ove K\u00e4hler<\/p>\n\t\t<\/div>\n\t<\/article>\n<\/section>\n\n\n<section class=\"textblock \">\n\t<article class=\"\">\n\t\t<div>\n\t\t\t<h3>Haftungshinweis<\/h3>\n<p>Trotz sorgf\u00e4ltiger inhaltlicher Kontrolle \u00fcbernehmen wir keine Haftung f\u00fcr die Inhalte externer Links. F\u00fcr den Inhalt der verlinkten Seiten sind ausschlie\u00dflich deren Betreiber verantwortlich.<\/p>\n\t\t<\/div>\n\t<\/article>\n<\/section>\n\n\n<section class=\"textblock \">\n\t<article class=\"\">\n\t\t<div>\n\t\t\t<h3>Urheber- und Verlagsrechte<\/h3>\n<p>Die auf dieser Webseite zur Verf\u00fcgung gestellten Beitr\u00e4ge sind urheberrechtlich gesch\u00fctzt. Der Rechtsschutz gilt auch gegen\u00fcber Datenbanken und \u00e4hnlichen Einrichtungen. Wir erlauben unseren Handelspartnern und Bibliothekskunden jedoch, die Metadaten unserer Titel (bibliographische Angaben, beschreibende Texte und Umschlagabbildungen) zu Katalogzwecken zu \u00fcbernehmen und zu reproduzieren. Angebote und Allgemeine Gesch\u00e4ftsbedingungen (AGB) d\u00fcrfen jederzeit mit der entsprechenden Taste ausgedruckt und weitergeleitet werden. Der Verlag Mohr Siebeck GmbH &amp; Co. KG haftet nicht f\u00fcr unverlangt eingesandte Manuskripte und Fotos.<\/p>\n\t\t<\/div>\n\t<\/article>\n<\/section>\n\n\n<section class=\"textblock \">\n\t<article class=\"\">\n\t\t<div>\n\t\t\t<h3>Datenschutz<\/h3>\n<p>Der Schutz Ihrer Privatsph\u00e4re bei der Verarbeitung personenbezogener Daten ist uns ein wichtiges Anliegen. Wir verarbeiten personenbezogene Daten, die beim Besuch unserer Webseiten erhoben werden, gem\u00e4\u00df der datenschutzrechtlichen Bestimmungen Deutschlands. Umfassende Hinweise und Informationen, den Umgang mit Ihren Daten betreffend, finden Sie unter der Rubrik <a href=\"https:\/\/wpt.mohrsiebeck.com\/edit\/index.php\/datenschutz\">Datenschutzerkl\u00e4rung<\/a>.<\/p>\n\t\t<\/div>\n\t<\/article>\n<\/section>\n","protected":false},"excerpt":{"rendered":"","protected":false},"author":2,"featured_media":0,"parent":0,"menu_order":0,"comment_status":"closed","ping_status":"closed","template":"","meta":{"_acf_changed":false,"footnotes":""},"class_list":["post-41","page","type-page","status-publish","hentry"],"acf":[],"_links":{"self":[{"href":"https:\/\/www.methodik-kg.mohrsiebeck.com\/index.php\/wp-json\/wp\/v2\/pages\/41","targetHints":{"allow":["GET"]}}],"collection":[{"href":"https:\/\/www.methodik-kg.mohrsiebeck.com\/index.php\/wp-json\/wp\/v2\/pages"}],"about":[{"href":"https:\/\/www.methodik-kg.mohrsiebeck.com\/index.php\/wp-json\/wp\/v2\/types\/page"}],"author":[{"embeddable":true,"href":"https:\/\/www.methodik-kg.mohrsiebeck.com\/index.php\/wp-json\/wp\/v2\/users\/2"}],"replies":[{"embeddable":true,"href":"https:\/\/www.methodik-kg.mohrsiebeck.com\/index.php\/wp-json\/wp\/v2\/comments?post=41"}],"version-history":[{"count":8,"href":"https:\/\/www.methodik-kg.mohrsiebeck.com\/index.php\/wp-json\/wp\/v2\/pages\/41\/revisions"}],"predecessor-version":[{"id":691,"href":"https:\/\/www.methodik-kg.mohrsiebeck.com\/index.php\/wp-json\/wp\/v2\/pages\/41\/revisions\/691"}],"wp:attachment":[{"href":"https:\/\/www.methodik-kg.mohrsiebeck.com\/index.php\/wp-json\/wp\/v2\/media?parent=41"}],"curies":[{"name":"wp","href":"https:\/\/api.w.org\/{rel}","templated":true}]}}